{"id":15742,"date":"2023-09-08T21:23:50","date_gmt":"2023-09-08T20:23:50","guid":{"rendered":"https:\/\/www.anadess.com\/blog\/?page_id=15742"},"modified":"2025-04-15T11:39:55","modified_gmt":"2025-04-15T10:39:55","slug":"espace-pro","status":"publish","type":"page","link":"https:\/\/www.anadess.com\/blog\/espace-pro\/","title":{"rendered":"Espace pro"},"content":{"rendered":"\t\t<div data-elementor-type=\"wp-page\" data-elementor-id=\"15742\" class=\"elementor elementor-15742\" data-elementor-post-type=\"page\">\n\t\t\t\t\t\t<section class=\"elementor-section elementor-top-section elementor-element elementor-element-0c7f364 elementor-section-boxed elementor-section-height-default elementor-section-height-default\" data-id=\"0c7f364\" data-element_type=\"section\" data-e-type=\"section\">\n\t\t\t\t\t\t<div class=\"elementor-container elementor-column-gap-default\">\n\t\t\t\t\t<div class=\"elementor-column elementor-col-33 elementor-top-column elementor-element elementor-element-bec827c\" data-id=\"bec827c\" data-element_type=\"column\" data-e-type=\"column\">\n\t\t\t<div class=\"elementor-widget-wrap\">\n\t\t\t\t\t\t\t<\/div>\n\t\t<\/div>\n\t\t\t\t<div class=\"elementor-column elementor-col-33 elementor-top-column elementor-element elementor-element-3c1db56\" data-id=\"3c1db56\" data-element_type=\"column\" data-e-type=\"column\">\n\t\t\t<div class=\"elementor-widget-wrap elementor-element-populated\">\n\t\t\t\t\t\t<div class=\"elementor-element elementor-element-3db9b9c elementor-widget elementor-widget-heading\" data-id=\"3db9b9c\" data-element_type=\"widget\" data-e-type=\"widget\" data-widget_type=\"heading.default\">\n\t\t\t\t<div class=\"elementor-widget-container\">\n\t\t\t\t\t<h1 class=\"elementor-heading-title elementor-size-small\"><b>Espace pro<\/b><br><\/h1>\t\t\t\t<\/div>\n\t\t\t\t<\/div>\n\t\t\t\t\t<\/div>\n\t\t<\/div>\n\t\t\t\t<div class=\"elementor-column elementor-col-33 elementor-top-column elementor-element elementor-element-b219a9e\" data-id=\"b219a9e\" data-element_type=\"column\" data-e-type=\"column\">\n\t\t\t<div class=\"elementor-widget-wrap\">\n\t\t\t\t\t\t\t<\/div>\n\t\t<\/div>\n\t\t\t\t\t<\/div>\n\t\t<\/section>\n\t\t\t\t<section class=\"elementor-section elementor-top-section elementor-element elementor-element-7b338f9 elementor-section-boxed elementor-section-height-default elementor-section-height-default\" data-id=\"7b338f9\" data-element_type=\"section\" data-e-type=\"section\">\n\t\t\t\t\t\t<div class=\"elementor-container elementor-column-gap-default\">\n\t\t\t\t\t<div class=\"elementor-column elementor-col-100 elementor-top-column elementor-element elementor-element-ea16afc\" data-id=\"ea16afc\" data-element_type=\"column\" data-e-type=\"column\">\n\t\t\t<div class=\"elementor-widget-wrap elementor-element-populated\">\n\t\t\t\t\t\t<div class=\"elementor-element elementor-element-fcbfde1 elementor-widget elementor-widget-spacer\" data-id=\"fcbfde1\" data-element_type=\"widget\" data-e-type=\"widget\" data-widget_type=\"spacer.default\">\n\t\t\t\t<div class=\"elementor-widget-container\">\n\t\t\t\t\t\t\t<div class=\"elementor-spacer\">\n\t\t\t<div class=\"elementor-spacer-inner\"><\/div>\n\t\t<\/div>\n\t\t\t\t\t\t<\/div>\n\t\t\t\t<\/div>\n\t\t\t\t\t<\/div>\n\t\t<\/div>\n\t\t\t\t\t<\/div>\n\t\t<\/section>\n\t\t\t\t<section class=\"elementor-section elementor-top-section elementor-element elementor-element-6305d7b elementor-section-boxed elementor-section-height-default elementor-section-height-default\" data-id=\"6305d7b\" data-element_type=\"section\" data-e-type=\"section\">\n\t\t\t\t\t\t<div class=\"elementor-container elementor-column-gap-default\">\n\t\t\t\t\t<div class=\"elementor-column elementor-col-50 elementor-top-column elementor-element elementor-element-ff6a027\" data-id=\"ff6a027\" data-element_type=\"column\" data-e-type=\"column\">\n\t\t\t<div class=\"elementor-widget-wrap elementor-element-populated\">\n\t\t\t\t\t\t<div class=\"elementor-element elementor-element-f09845d elementor-widget elementor-widget-image\" data-id=\"f09845d\" data-element_type=\"widget\" data-e-type=\"widget\" data-widget_type=\"image.default\">\n\t\t\t\t<div class=\"elementor-widget-container\">\n\t\t\t\t\t\t\t\t\t\t\t\t\t\t\t<img fetchpriority=\"high\" decoding=\"async\" width=\"800\" height=\"535\" src=\"https:\/\/www.anadess.com\/blog\/wp-content\/uploads\/2023\/09\/CHat-1024x685.jpg\" class=\"attachment-large size-large wp-image-15747\" alt=\"\" srcset=\"https:\/\/www.anadess.com\/blog\/wp-content\/uploads\/2023\/09\/CHat-1024x685.jpg 1024w, https:\/\/www.anadess.com\/blog\/wp-content\/uploads\/2023\/09\/CHat-300x201.jpg 300w, https:\/\/www.anadess.com\/blog\/wp-content\/uploads\/2023\/09\/CHat-768x514.jpg 768w, https:\/\/www.anadess.com\/blog\/wp-content\/uploads\/2023\/09\/CHat-1536x1028.jpg 1536w, https:\/\/www.anadess.com\/blog\/wp-content\/uploads\/2023\/09\/CHat.jpg 1920w\" sizes=\"(max-width: 800px) 100vw, 800px\" \/>\t\t\t\t\t\t\t\t\t\t\t\t\t\t\t<\/div>\n\t\t\t\t<\/div>\n\t\t\t\t\t<\/div>\n\t\t<\/div>\n\t\t\t\t<div class=\"elementor-column elementor-col-50 elementor-top-column elementor-element elementor-element-fd40565\" data-id=\"fd40565\" data-element_type=\"column\" data-e-type=\"column\">\n\t\t\t<div class=\"elementor-widget-wrap elementor-element-populated\">\n\t\t\t\t\t\t<div class=\"elementor-element elementor-element-7764222 elementor-widget elementor-widget-text-editor\" data-id=\"7764222\" data-element_type=\"widget\" data-e-type=\"widget\" data-widget_type=\"text-editor.default\">\n\t\t\t\t<div class=\"elementor-widget-container\">\n\t\t\t\t\t\t\t\t\t<div><div data-block-type=\"2\"><div><div><p><strong>Biographie de pr\u00e9sentation :<\/strong><\/p><section data-id=\"ea889ba\" data-element_type=\"section\"><div><div data-id=\"0bee52c\" data-element_type=\"column\"><div><div data-id=\"d974be1\" data-element_type=\"widget\" data-widget_type=\"text-editor.default\"><div><p>La t\u00eate <strong>dans les \u00e9toiles<\/strong> et les pieds bien enracin\u00e9s<br \/>Elle fait rimer <strong>po\u00e9sie<\/strong> et onirisme avec lucidit\u00e9. En noir et blanc ou en couleur, avec des mots, des notes de musique et des saveurs<br \/><strong>L\u2019\u00e2me voyageuse<\/strong>, elle dessine et chante ce que l\u2019Homme et la Nature lui inspirent.<\/p><\/div><\/div><\/div><\/div><\/div><\/section><\/div><\/div><\/div><\/div><div><div data-block-type=\"2\"><div><div><p><strong>Dossier de pr\u00e9sentation :<\/strong> <a href=\"https:\/\/www.anadess.com\/blog\/wp-content\/uploads\/2025\/04\/AnaDess2025.pdf\" target=\"_blank\" rel=\"noopener\">T\u00e9l\u00e9charger<\/a><\/p><\/div><\/div><\/div><\/div><div><div data-block-type=\"2\"><div><div><p><strong>Photographie : <\/strong><a href=\"https:\/\/www.anadess.com\/blog\/wp-content\/uploads\/2023\/09\/AnaDess2.jpg\" target=\"_blank\" rel=\"noopener\">T\u00e9l\u00e9charger<\/a><\/p><\/div><\/div><\/div><\/div><div><div data-block-type=\"2\"><div><div><p><strong>Adresse e-mail de contact :<\/strong> <a href=\"mailto:com@anadess.com\" target=\"_blank\" rel=\"noopener\">com@anadess.com<\/a><\/p><\/div><\/div><\/div><\/div>\t\t\t\t\t\t\t\t<\/div>\n\t\t\t\t<\/div>\n\t\t\t\t\t<\/div>\n\t\t<\/div>\n\t\t\t\t\t<\/div>\n\t\t<\/section>\n\t\t\t\t<\/div>\n\t\t","protected":false},"excerpt":{"rendered":"<p>Espace pro Biographie de pr\u00e9sentation : La t\u00eate dans les \u00e9toiles et les pieds bien enracin\u00e9sElle fait rimer po\u00e9sie et onirisme avec lucidit\u00e9. En noir et blanc ou en couleur,&hellip;<\/p>\n<p> <a class=\"more-link\" href=\"https:\/\/www.anadess.com\/blog\/espace-pro\/\">Lire la suite<\/a><\/p>\n","protected":false},"author":1,"featured_media":0,"parent":0,"menu_order":0,"comment_status":"closed","ping_status":"closed","template":"","meta":{"_monsterinsights_skip_tracking":false,"_monsterinsights_sitenote_active":false,"_monsterinsights_sitenote_note":"","_monsterinsights_sitenote_category":0,"footnotes":""},"class_list":["post-15742","page","type-page","status-publish"],"yoast_head":"<!-- This site is optimized with the Yoast SEO plugin v27.4 - https:\/\/yoast.com\/product\/yoast-seo-wordpress\/ -->\n<title>Espace pro -<\/title>\n<meta name=\"robots\" content=\"index, follow, max-snippet:-1, max-image-preview:large, max-video-preview:-1\" \/>\n<link rel=\"canonical\" href=\"https:\/\/www.anadess.com\/blog\/espace-pro\/\" \/>\n<meta property=\"og:locale\" content=\"fr_FR\" \/>\n<meta property=\"og:type\" content=\"article\" \/>\n<meta property=\"og:title\" content=\"Espace pro -\" \/>\n<meta property=\"og:description\" content=\"Espace pro Biographie de pr\u00e9sentation : La t\u00eate dans les \u00e9toiles et les pieds bien enracin\u00e9sElle fait rimer po\u00e9sie et onirisme avec lucidit\u00e9. En noir et blanc ou en couleur,&hellip;  Lire la suite\" \/>\n<meta property=\"og:url\" content=\"https:\/\/www.anadess.com\/blog\/espace-pro\/\" \/>\n<meta property=\"article:modified_time\" content=\"2025-04-15T10:39:55+00:00\" \/>\n<meta property=\"og:image\" content=\"https:\/\/www.anadess.com\/blog\/wp-content\/uploads\/2023\/09\/CHat.jpg\" \/>\n\t<meta property=\"og:image:width\" content=\"1920\" \/>\n\t<meta property=\"og:image:height\" content=\"1285\" \/>\n\t<meta property=\"og:image:type\" content=\"image\/jpeg\" \/>\n<meta name=\"twitter:card\" content=\"summary_large_image\" \/>\n<meta name=\"twitter:label1\" content=\"Dur\u00e9e de lecture estim\u00e9e\" \/>\n\t<meta name=\"twitter:data1\" content=\"1 minute\" \/>\n<script type=\"application\/ld+json\" class=\"yoast-schema-graph\">{\"@context\":\"https:\\\/\\\/schema.org\",\"@graph\":[{\"@type\":\"WebPage\",\"@id\":\"https:\\\/\\\/www.anadess.com\\\/blog\\\/espace-pro\\\/\",\"url\":\"https:\\\/\\\/www.anadess.com\\\/blog\\\/espace-pro\\\/\",\"name\":\"Espace pro -\",\"isPartOf\":{\"@id\":\"https:\\\/\\\/www.anadess.com\\\/blog\\\/#website\"},\"primaryImageOfPage\":{\"@id\":\"https:\\\/\\\/www.anadess.com\\\/blog\\\/espace-pro\\\/#primaryimage\"},\"image\":{\"@id\":\"https:\\\/\\\/www.anadess.com\\\/blog\\\/espace-pro\\\/#primaryimage\"},\"thumbnailUrl\":\"https:\\\/\\\/www.anadess.com\\\/blog\\\/wp-content\\\/uploads\\\/2023\\\/09\\\/CHat-1024x685.jpg\",\"datePublished\":\"2023-09-08T20:23:50+00:00\",\"dateModified\":\"2025-04-15T10:39:55+00:00\",\"breadcrumb\":{\"@id\":\"https:\\\/\\\/www.anadess.com\\\/blog\\\/espace-pro\\\/#breadcrumb\"},\"inLanguage\":\"fr-FR\",\"potentialAction\":[{\"@type\":\"ReadAction\",\"target\":[\"https:\\\/\\\/www.anadess.com\\\/blog\\\/espace-pro\\\/\"]}]},{\"@type\":\"ImageObject\",\"inLanguage\":\"fr-FR\",\"@id\":\"https:\\\/\\\/www.anadess.com\\\/blog\\\/espace-pro\\\/#primaryimage\",\"url\":\"https:\\\/\\\/www.anadess.com\\\/blog\\\/wp-content\\\/uploads\\\/2023\\\/09\\\/CHat.jpg\",\"contentUrl\":\"https:\\\/\\\/www.anadess.com\\\/blog\\\/wp-content\\\/uploads\\\/2023\\\/09\\\/CHat.jpg\",\"width\":1920,\"height\":1285},{\"@type\":\"BreadcrumbList\",\"@id\":\"https:\\\/\\\/www.anadess.com\\\/blog\\\/espace-pro\\\/#breadcrumb\",\"itemListElement\":[{\"@type\":\"ListItem\",\"position\":1,\"name\":\"Accueil\",\"item\":\"https:\\\/\\\/www.anadess.com\\\/blog\\\/\"},{\"@type\":\"ListItem\",\"position\":2,\"name\":\"Espace pro\"}]},{\"@type\":\"WebSite\",\"@id\":\"https:\\\/\\\/www.anadess.com\\\/blog\\\/#website\",\"url\":\"https:\\\/\\\/www.anadess.com\\\/blog\\\/\",\"name\":\"\",\"description\":\"\",\"potentialAction\":[{\"@type\":\"SearchAction\",\"target\":{\"@type\":\"EntryPoint\",\"urlTemplate\":\"https:\\\/\\\/www.anadess.com\\\/blog\\\/?s={search_term_string}\"},\"query-input\":{\"@type\":\"PropertyValueSpecification\",\"valueRequired\":true,\"valueName\":\"search_term_string\"}}],\"inLanguage\":\"fr-FR\"}]}<\/script>\n<!-- \/ Yoast SEO plugin. -->","yoast_head_json":{"title":"Espace pro -","robots":{"index":"index","follow":"follow","max-snippet":"max-snippet:-1","max-image-preview":"max-image-preview:large","max-video-preview":"max-video-preview:-1"},"canonical":"https:\/\/www.anadess.com\/blog\/espace-pro\/","og_locale":"fr_FR","og_type":"article","og_title":"Espace pro -","og_description":"Espace pro Biographie de pr\u00e9sentation : La t\u00eate dans les \u00e9toiles et les pieds bien enracin\u00e9sElle fait rimer po\u00e9sie et onirisme avec lucidit\u00e9. En noir et blanc ou en couleur,&hellip;  Lire la suite","og_url":"https:\/\/www.anadess.com\/blog\/espace-pro\/","article_modified_time":"2025-04-15T10:39:55+00:00","og_image":[{"width":1920,"height":1285,"url":"https:\/\/www.anadess.com\/blog\/wp-content\/uploads\/2023\/09\/CHat.jpg","type":"image\/jpeg"}],"twitter_card":"summary_large_image","twitter_misc":{"Dur\u00e9e de lecture estim\u00e9e":"1 minute"},"schema":{"@context":"https:\/\/schema.org","@graph":[{"@type":"WebPage","@id":"https:\/\/www.anadess.com\/blog\/espace-pro\/","url":"https:\/\/www.anadess.com\/blog\/espace-pro\/","name":"Espace pro -","isPartOf":{"@id":"https:\/\/www.anadess.com\/blog\/#website"},"primaryImageOfPage":{"@id":"https:\/\/www.anadess.com\/blog\/espace-pro\/#primaryimage"},"image":{"@id":"https:\/\/www.anadess.com\/blog\/espace-pro\/#primaryimage"},"thumbnailUrl":"https:\/\/www.anadess.com\/blog\/wp-content\/uploads\/2023\/09\/CHat-1024x685.jpg","datePublished":"2023-09-08T20:23:50+00:00","dateModified":"2025-04-15T10:39:55+00:00","breadcrumb":{"@id":"https:\/\/www.anadess.com\/blog\/espace-pro\/#breadcrumb"},"inLanguage":"fr-FR","potentialAction":[{"@type":"ReadAction","target":["https:\/\/www.anadess.com\/blog\/espace-pro\/"]}]},{"@type":"ImageObject","inLanguage":"fr-FR","@id":"https:\/\/www.anadess.com\/blog\/espace-pro\/#primaryimage","url":"https:\/\/www.anadess.com\/blog\/wp-content\/uploads\/2023\/09\/CHat.jpg","contentUrl":"https:\/\/www.anadess.com\/blog\/wp-content\/uploads\/2023\/09\/CHat.jpg","width":1920,"height":1285},{"@type":"BreadcrumbList","@id":"https:\/\/www.anadess.com\/blog\/espace-pro\/#breadcrumb","itemListElement":[{"@type":"ListItem","position":1,"name":"Accueil","item":"https:\/\/www.anadess.com\/blog\/"},{"@type":"ListItem","position":2,"name":"Espace pro"}]},{"@type":"WebSite","@id":"https:\/\/www.anadess.com\/blog\/#website","url":"https:\/\/www.anadess.com\/blog\/","name":"","description":"","potentialAction":[{"@type":"SearchAction","target":{"@type":"EntryPoint","urlTemplate":"https:\/\/www.anadess.com\/blog\/?s={search_term_string}"},"query-input":{"@type":"PropertyValueSpecification","valueRequired":true,"valueName":"search_term_string"}}],"inLanguage":"fr-FR"}]}},"_links":{"self":[{"href":"https:\/\/www.anadess.com\/blog\/wp-json\/wp\/v2\/pages\/15742","targetHints":{"allow":["GET"]}}],"collection":[{"href":"https:\/\/www.anadess.com\/blog\/wp-json\/wp\/v2\/pages"}],"about":[{"href":"https:\/\/www.anadess.com\/blog\/wp-json\/wp\/v2\/types\/page"}],"author":[{"embeddable":true,"href":"https:\/\/www.anadess.com\/blog\/wp-json\/wp\/v2\/users\/1"}],"replies":[{"embeddable":true,"href":"https:\/\/www.anadess.com\/blog\/wp-json\/wp\/v2\/comments?post=15742"}],"version-history":[{"count":32,"href":"https:\/\/www.anadess.com\/blog\/wp-json\/wp\/v2\/pages\/15742\/revisions"}],"predecessor-version":[{"id":16106,"href":"https:\/\/www.anadess.com\/blog\/wp-json\/wp\/v2\/pages\/15742\/revisions\/16106"}],"wp:attachment":[{"href":"https:\/\/www.anadess.com\/blog\/wp-json\/wp\/v2\/media?parent=15742"}],"curies":[{"name":"wp","href":"https:\/\/api.w.org\/{rel}","templated":true}]}}